{"id":136,"date":"2018-12-25T18:11:26","date_gmt":"2018-12-25T18:11:26","guid":{"rendered":"https:\/\/www.klassen-it.de\/?page_id=136"},"modified":"2018-12-26T09:24:08","modified_gmt":"2018-12-26T09:24:08","slug":"datenschutz","status":"publish","type":"page","link":"https:\/\/www.klassen-it.de\/?page_id=136","title":{"rendered":"Datenschutz"},"content":{"rendered":"<p>[et_pb_section fb_built=&#8220;1&#8243; fullwidth=&#8220;on&#8220; admin_label=&#8220;Hero&#8220; _builder_version=&#8220;3.8&#8243; background_image=&#8220;https:\/\/www.klassen-it.de\/wp-content\/uploads\/2018\/12\/it-services-07.jpg&#8220; parallax=&#8220;on&#8220; custom_padding=&#8220;0px|0|0|0px|false|false&#8220;][et_pb_fullwidth_header title=&#8220;Datenschutz&#8220; text_orientation=&#8220;center&#8220; admin_label=&#8220;Fullwidth Header&#8220; _builder_version=&#8220;3.19&#8243; title_font=&#8220;Share Tech||||||||&#8220; title_text_align=&#8220;center&#8220; title_font_size=&#8220;80px&#8220; title_font_size_tablet=&#8220;60px&#8220; title_font_size_phone=&#8220;36px&#8220; title_font_size_last_edited=&#8220;on|phone&#8220; title_line_height=&#8220;1.2em&#8220; content_font=&#8220;Open Sans||||||||&#8220; content_text_align=&#8220;center&#8220; content_font_size=&#8220;18px&#8220; content_font_size_phone=&#8220;16px&#8220; content_font_size_last_edited=&#8220;on|phone&#8220; content_line_height=&#8220;1.8em&#8220; background_color=&#8220;rgba(0,0,0,0)&#8220; use_background_color_gradient=&#8220;on&#8220; background_color_gradient_start=&#8220;rgba(0,72,114,0.9)&#8220; background_color_gradient_end=&#8220;rgba(41,17,96,0.8)&#8220; background_color_gradient_direction=&#8220;140deg&#8220; background_color_gradient_overlays_image=&#8220;on&#8220; parallax=&#8220;on&#8220; parallax_method=&#8220;on&#8220; custom_button_one=&#8220;on&#8220; button_one_text_size=&#8220;15px&#8220; button_one_bg_color=&#8220;#ffa727&#8243; button_one_border_width=&#8220;15px&#8220; button_one_border_color=&#8220;#ffa727&#8243; button_one_border_radius=&#8220;100px&#8220; button_one_letter_spacing=&#8220;5px&#8220; button_one_font=&#8220;Open Sans|700||on|||||&#8220; button_one_text_size_last_edited=&#8220;on|desktop&#8220; custom_margin=&#8220;|||&#8220; custom_padding=&#8220;10vw||10vw||true&#8220; custom_padding_tablet=&#8220;100px||100px||true&#8220; custom_padding_phone=&#8220;|||&#8220; custom_padding_last_edited=&#8220;on|desktop&#8220; button_one_border_color_hover=&#8220;#ff8a3d&#8220; button_one_border_radius_hover=&#8220;100px&#8220; button_one_letter_spacing_hover=&#8220;5px&#8220; button_one_bg_color_hover=&#8220;#ff8a3d&#8220; button_one_text_size__hover_enabled=&#8220;off&#8220; button_two_text_size__hover_enabled=&#8220;off&#8220; button_one_text_color__hover_enabled=&#8220;off&#8220; button_two_text_color__hover_enabled=&#8220;off&#8220; button_one_border_width__hover_enabled=&#8220;off&#8220; button_two_border_width__hover_enabled=&#8220;off&#8220; button_one_border_color__hover_enabled=&#8220;on&#8220; button_one_border_color__hover=&#8220;#ff8a3d&#8220; button_two_border_color__hover_enabled=&#8220;off&#8220; button_one_border_radius__hover_enabled=&#8220;on&#8220; button_one_border_radius__hover=&#8220;100px&#8220; button_two_border_radius__hover_enabled=&#8220;off&#8220; button_one_letter_spacing__hover_enabled=&#8220;on&#8220; button_one_letter_spacing__hover=&#8220;5px&#8220; button_two_letter_spacing__hover_enabled=&#8220;off&#8220; button_one_bg_color__hover_enabled=&#8220;on&#8220; button_one_bg_color__hover=&#8220;#ff8a3d&#8220; button_two_bg_color__hover_enabled=&#8220;off&#8220;][\/et_pb_fullwidth_header][\/et_pb_section][et_pb_section fb_built=&#8220;1&#8243; admin_label=&#8220;History&#8220; _builder_version=&#8220;3.8&#8243;][et_pb_row custom_padding=&#8220;|||&#8220; custom_margin=&#8220;|||&#8220; _builder_version=&#8220;3.19&#8243;][et_pb_column type=&#8220;4_4&#8243; _builder_version=&#8220;3.7&#8243; parallax=&#8220;off&#8220; parallax_method=&#8220;on&#8220;][et_pb_text _builder_version=&#8220;3.19&#8243; text_font=&#8220;Share Tech||||||||&#8220; text_text_color=&#8220;rgba(0,0,0,0.02)&#8220; text_font_size=&#8220;100px&#8220; text_font_size_tablet=&#8220;80px&#8220; text_font_size_phone=&#8220;60px&#8220; text_font_size_last_edited=&#8220;on|desktop&#8220; text_line_height=&#8220;0.2em&#8220; header_font=&#8220;||||||||&#8220; header_2_font=&#8220;Share Tech||||||||&#8220; header_2_font_size=&#8220;48px&#8220; header_2_font_size_phone=&#8220;36px&#8220; header_2_font_size_last_edited=&#8220;on|phone&#8220; header_2_line_height=&#8220;1.4em&#8220; custom_margin=&#8220;||30px||false&#8220; custom_margin_tablet=&#8220;||0px|&#8220; custom_margin_last_edited=&#8220;on|tablet&#8220;]<\/p>\n<p>Datenschutz<\/p>\n<h2>Datenschutzerkl\u00e4rung<\/h2>\n<p>[\/et_pb_text][et_pb_text _builder_version=&#8220;3.19&#8243; text_font=&#8220;Open Sans||||||||&#8220; text_font_size=&#8220;16px&#8220; text_line_height=&#8220;1.8em&#8220; max_width=&#8220;700px&#8220; max_width_last_edited=&#8220;on|phone&#8220; module_alignment=&#8220;center&#8220; locked=&#8220;off&#8220;]<\/p>\n<p>Wir haben diese Datenschutzerkl\u00e4rung (Fassung 25.12.2018-311094472) verfasst, um Ihnen gem\u00e4\u00df der Vorgaben der <a class=\"adsimple-311094472\" href=\"https:\/\/eur-lex.europa.eu\/legal-content\/DE\/ALL\/?tid=1234&amp;uri=celex%3A32016R0679&amp;tid=311094472\" target=\"_blank\" rel=\"noopener\">Datenschutz-Grundverordnung (EU) 2016\/679<\/a> zu erkl\u00e4ren, welche Informationen wir sammeln, wie wir Daten verwenden und welche Entscheidungsm\u00f6glichkeiten Sie als Besucher dieser Webseite haben.<\/p>\n<h2 class=\"adsimple-311094472\" data-fontsize=\"24\" data-lineheight=\"36\">Automatische Datenspeicherung<\/h2>\n<p>Wenn Sie heutzutage Webseiten besuchen, werden gewisse Informationen automatisch erstellt und gespeichert, so auch auf dieser Webseite.<\/p>\n<p>Wenn Sie unsere Webseite so wie jetzt gerade besuchen, speichert unser Webserver (Computer auf dem diese Webseite gespeichert ist) automatisch Daten wie<\/p>\n<ul class=\"adsimple-311094472\">\n<li class=\"adsimple-311094472\">die Adresse (URL) der aufgerufenen Webseite<\/li>\n<li class=\"adsimple-311094472\">Browser und Browserversion<\/li>\n<li class=\"adsimple-311094472\">das verwendete Betriebssystem<\/li>\n<li class=\"adsimple-311094472\">die Adresse (URL) der zuvor besuchten Seite (Referrer URL)<\/li>\n<li class=\"adsimple-311094472\">den Hostname und die IP-Adresse des Ger\u00e4ts von welchem aus zugegriffen wird<\/li>\n<li class=\"adsimple-311094472\">Datum und Uhrzeit<\/li>\n<\/ul>\n<p>in Dateien (Webserver-Logfiles).<\/p>\n<p>In der Regel werden Webserver-Logfiles zwei Wochen gespeichert und danach automatisch gel\u00f6scht. Wir geben diese Daten nicht weiter, k\u00f6nnen jedoch nicht ausschlie\u00dfen, dass diese Daten beim Vorliegen von rechtswidrigem Verhalten eingesehen werden.<br \/>Die Rechtsgrundlage besteht nach <a class=\"adsimple-311094472\" href=\"https:\/\/eur-lex.europa.eu\/legal-content\/DE\/TXT\/HTML\/?uri=CELEX:32016R0679&amp;from=DE&amp;tid=311094472\" target=\"_blank\" rel=\"noopener\">Artikel 6\u00a0 Absatz 1 f DSGVO<\/a> (Rechtm\u00e4\u00dfigkeit der Verarbeitung) darin, dass berechtigtes Interesse daran besteht, den fehlerfreien Betrieb dieser Webseite durch das Erfassen von Webserver-Logfiles zu erm\u00f6glichen.<\/p>\n<h2 class=\"adsimple-311094472\" data-fontsize=\"24\" data-lineheight=\"36\">Speicherung pers\u00f6nlicher Daten<\/h2>\n<p>Pers\u00f6nliche Daten, die Sie uns auf dieser Website elektronisch \u00fcbermitteln, wie zum Beispiel Name, E-Mail-Adresse, Adresse oder andere pers\u00f6nlichen Angaben im Rahmen der \u00dcbermittlung eines Formulars oder Kommentaren im Blog, werden von uns gemeinsam mit dem Zeitpunkt und der IP-Adresse nur zum jeweils angegebenen Zweck verwendet, sicher verwahrt und nicht an Dritte weitergegeben.<\/p>\n<p>Wir nutzen Ihre pers\u00f6nlichen Daten somit nur f\u00fcr die Kommunikation mit jenen Besuchern, die Kontakt ausdr\u00fccklich w\u00fcnschen und f\u00fcr die Abwicklung der auf dieser Webseite angebotenen Dienstleistungen und Produkte. Wir geben Ihre pers\u00f6nlichen Daten ohne Zustimmung nicht weiter, k\u00f6nnen jedoch nicht ausschlie\u00dfen, dass diese Daten beim Vorliegen von rechtswidrigem Verhalten eingesehen werden.<\/p>\n<p>Wenn Sie uns pers\u00f6nliche Daten per E-Mail schicken \u2013 somit abseits dieser Webseite \u2013 k\u00f6nnen wir keine sichere \u00dcbertragung und den Schutz Ihrer Daten garantieren. Wir empfehlen Ihnen, vertrauliche Daten niemals unverschl\u00fcsselt per E-Mail zu \u00fcbermitteln.<\/p>\n<p>Die Rechtsgrundlage besteht nach <a class=\"adsimple-311094472\" href=\"https:\/\/eur-lex.europa.eu\/legal-content\/DE\/TXT\/HTML\/?uri=CELEX:32016R0679&amp;from=DE&amp;tid=311094472\" target=\"_blank\" rel=\"noopener\">Artikel 6\u00a0 Absatz 1 a DSGVO<\/a> (Rechtm\u00e4\u00dfigkeit der Verarbeitung) darin, dass Sie uns die Einwilligung zur Verarbeitung der von Ihnen eingegebenen Daten geben. Sie k\u00f6nnen diesen Einwilligung jederzeit widerrufen \u2013 eine formlose E-Mail reicht aus, Sie finden unsere Kontaktdaten im Impressum.<\/p>\n<h2 class=\"adsimple-311094472\" data-fontsize=\"24\" data-lineheight=\"36\">Rechte laut Datenschutzgrundverordnung<\/h2>\n<p>Ihnen stehen laut den Bestimmungen der DSGVO grunds\u00e4tzlich die folgende Rechte zu:<\/p>\n<ul class=\"adsimple-311094472\">\n<li class=\"adsimple-311094472\">Recht auf Berichtung (Artikel 16 DSGVO)<\/li>\n<li class=\"adsimple-311094472\">Recht auf L\u00f6schung (\u201eRecht auf Vergessenwerden\u201c) (Artikel 17 DSGVO)<\/li>\n<li class=\"adsimple-311094472\">Recht auf Einschr\u00e4nkung der Verarbeitung (Artikel 18 DSGVO)<\/li>\n<li class=\"adsimple-311094472\">Recht auf Benachrichtigung \u2013 Mitteilungspflicht im Zusammenhang mit der Berichtigung oder L\u00f6schung personenbezogener Daten oder der Einschr\u00e4nkung der Verarbeitung (Artikel 19 DSGVO)<\/li>\n<li class=\"adsimple-311094472\">Recht auf Daten\u00fcbertragbarkeit (Artikel 20 DSGVO)<\/li>\n<li class=\"adsimple-311094472\">Widerspruchsrecht (Artikel 21 DSGVO)<\/li>\n<li class=\"adsimple-311094472\">Recht, nicht einer ausschlie\u00dflich auf einer automatisierten Verarbeitung \u2014 einschlie\u00dflich Profiling \u2014 beruhenden Entscheidung unterworfen zu werden (Artikel 22 DSGVO)<\/li>\n<\/ul>\n<p>Wenn Sie glauben, dass die Verarbeitung Ihrer Daten gegen das Datenschutzrecht verst\u00f6\u00dft oder Ihre datenschutzrechtlichen Anspr\u00fcche sonst in einer Weise verletzt worden sind, k\u00f6nnen Sie sich an die <a class=\"adsimple-311094472\" href=\"https:\/\/www.bfdi.bund.de\/DE\/Datenschutz\/Ueberblick\/MeineRechte\/Artikel\/BeschwerdeBeiDatenschutzbehoereden.html?tid=311094472\" rel=\"noopener\" target=\"_blank\">Bundesbeauftragte f\u00fcr den Datenschutz und die Informationsfreiheit (BfDI)<\/a> wenden.<\/p>\n<h2 class=\"adsimple-311094472\" data-fontsize=\"24\" data-lineheight=\"36\">TLS-Verschl\u00fcsselung mit https<\/h2>\n<p>Wir verwenden https um Daten abh\u00f6rsicher im Internet zu \u00fcbertragen (Datenschutz durch Technikgestaltung <a class=\"adsimple-311094472\" href=\"https:\/\/eur-lex.europa.eu\/legal-content\/DE\/TXT\/HTML\/?uri=CELEX:32016R0679&amp;from=DE&amp;tid=311094472\" target=\"_blank\" rel=\"noopener\">Artikel 25 Absatz 1 DSGVO<\/a>). Durch den Einsatz von TLS (Transport Layer Security), einem Verschl\u00fcsselungsprotokoll zur sicheren Daten\u00fcbertragung im Internet k\u00f6nnen wir den Schutz vertraulicher Daten sicherstellen. Sie erkennen die Benutzung dieser Absicherung der Daten\u00fcbertragung am kleinen Schlo\u00dfsymbol links oben im Browser und der Verwendung des Schemas https (anstatt http) als Teil unserer Internetadresse.<\/p>\n<h2 class=\"adsimple-311094472\" data-fontsize=\"24\" data-lineheight=\"36\">Cookies<\/h2>\n<p>Unsere Website verwendet HTTP-Cookies um nutzerspezifische Daten zu speichern.<br \/>Ein Cookie ist ein kurzes Datenpaket, welches zwischen Webbrowser und Webserver ausgetauscht wird, f\u00fcr diese aber v\u00f6llig bedeutungslos ist und erst f\u00fcr die Webanwendung, z. B. einen Online-Shop, eine Bedeutung erh\u00e4lt, etwa den Inhalt eines virtuellen Warenkorbes.<\/p>\n<p>Es gibt zwei Arten von Cookies: Erstanbieter-Cookies werden von unserer Website erstellt, Drittanbieter-Cookies werden von anderen Websites (z. B. Google Analytics) erstellt.<br \/>Beispielhafte Cookiedaten:<\/p>\n<ul class=\"adsimple-311094472\">\n<li class=\"adsimple-311094472\">Name: _ga<\/li>\n<li class=\"adsimple-311094472\">Ablaufzeit: 2 Jahre<\/li>\n<li class=\"adsimple-311094472\">Verwendung: Unterscheidung der Webseitenbesucher<\/li>\n<li class=\"adsimple-311094472\">Beispielhafter Wert:\u00a0GA1.2.1326744211.152311094472<\/li>\n<\/ul>\n<p>Man unterscheidet drei Kategorien von Cookies: unbedingt notwendige Cookies um grundlegende Funktionen der Website sicherzustellen, funktionelle Cookies um die Leistung der Webseite sicherzustellen und zielorientierte Cookies um das Benutzererlebnis zu verbessern.<\/p>\n<p>Wir nutzen Cookies, um unsere Webseite nutzerfreundlicher zu gestalten. Einige Cookies bleiben auf Ihrem Endger\u00e4t gespeichert, bis Sie diese l\u00f6schen. Sie erm\u00f6glichen es uns, Ihren Browser beim n\u00e4chsten Besuch wiederzuerkennen.<\/p>\n<h3 class=\"adsimple-311094472\" data-fontsize=\"21\" data-lineheight=\"31\">Cookie Einstellungen sehen und Cookies l\u00f6schen<\/h3>\n<p>Wenn Sie feststellen m\u00f6chten, welche Cookies in Ihrem Browser gespeichert wurden, Cookie-Einstellungen \u00e4ndern oder Cookies l\u00f6schen m\u00f6chten, k\u00f6nnen Sie dies in Ihren Browser-Einstellungen finden:<\/p>\n<ul class=\"adsimple-311094472\">\n<li class=\"adsimple-311094472\"><a class=\"adsimple-311094472\" href=\"https:\/\/support.apple.com\/de-de\/guide\/safari\/sfri11471\/mac\" target=\"_blank\" rel=\"noopener\">Safari: Verwalten von Cookies und Websitedaten mit Safari<\/a><\/li>\n<li class=\"adsimple-311094472\"><a class=\"adsimple-311094472\" href=\"https:\/\/support.mozilla.org\/de\/kb\/cookies-loeschen-daten-von-websites-entfernen\" target=\"_blank\" rel=\"noopener\">Firefox: Cookies l\u00f6schen, um Daten zu entfernen, die Websites auf Ihrem Computer abgelegt haben<\/a><\/li>\n<li class=\"adsimple-311094472\"><a class=\"adsimple-311094472\" href=\"https:\/\/support.google.com\/chrome\/answer\/95647?co=GENIE.Platform%3DDesktop&amp;hl=de\" target=\"_blank\" rel=\"noopener\">Chrome: Cookies in Chrome l\u00f6schen, aktivieren und verwalten<\/a><\/li>\n<li class=\"adsimple-311094472\"><a class=\"adsimple-311094472\" href=\"https:\/\/support.microsoft.com\/de-de\/help\/17442\/windows-internet-explorer-delete-manage-cookies\" target=\"_blank\" rel=\"noopener\">Internet Explorer: L\u00f6schen und Verwalten von Cookies<\/a><\/li>\n<\/ul>\n<p>Wenn Sie die Speicherung von Daten in Cookies nicht w\u00fcnschen, so k\u00f6nnen Sie Ihren Browser so einrichten, dass er Sie \u00fcber das Setzen von Cookies informiert und Sie dies nur im Einzelfall erlauben.\u00a0Sie k\u00f6nnen jederzeit Cookies, die sich bereits auf Ihrem Computer befinden, l\u00f6schen oder Cookies deaktivieren. Die Vorgangsweise dazu ist nach Browser unterschiedlich, am besten Sie suchen die Anleitung in Google mit dem Suchbegriff \u201cCookies l\u00f6schen Chrome\u201d oder \u201cCookies deaktivieren Chrome\u201d im Falle eines Chrome Browsers oder tauschen das Wort \u201cChrome\u201d gegen den Namen Ihres Browsers, z. B. Edge, Firefox, Safari aus.<br \/>Wenn Sie uns generell nicht gestatten, Cookies zu nutzen, d.h. diese per Browsereinstellung deaktivieren, k\u00f6nnen manche Funktionen und Seiten nicht wie erwartet funktionieren.<\/p>\n<p>Quelle: Erstellt\u00a0mit dem\u00a0Datenschutz Generator von <a title=\"Datenschutz Generator von Content Marketing Agentur AdSimple.de\" href=\"https:\/\/www.adsimple.de\/datenschutz-generator\/\" target=\"_blank\" rel=\"follow noopener\">www.adsimple.de<\/a><\/p>\n<p>[\/et_pb_text][\/et_pb_column][\/et_pb_row][\/et_pb_section]<\/p>\n","protected":false},"excerpt":{"rendered":"<p>Datenschutz Datenschutzerkl\u00e4rung Wir haben diese Datenschutzerkl\u00e4rung (Fassung 25.12.2018-311094472) verfasst, um Ihnen gem\u00e4\u00df der Vorgaben der Datenschutz-Grundverordnung (EU) 2016\/679 zu erkl\u00e4ren, welche Informationen wir sammeln, wie wir Daten verwenden und welche Entscheidungsm\u00f6glichkeiten Sie als Besucher dieser Webseite haben. Automatische Datenspeicherung Wenn Sie heutzutage Webseiten besuchen, werden gewisse Informationen automatisch erstellt und gespeichert, so auch auf dieser [&hellip;]<\/p>\n","protected":false},"author":1,"featured_media":0,"parent":0,"menu_order":0,"comment_status":"closed","ping_status":"closed","template":"","meta":{"_et_pb_use_builder":"on","_et_pb_old_content":"","_et_gb_content_width":"","footnotes":""},"class_list":["post-136","page","type-page","status-publish","hentry"],"_links":{"self":[{"href":"https:\/\/www.klassen-it.de\/index.php?rest_route=\/wp\/v2\/pages\/136","targetHints":{"allow":["GET"]}}],"collection":[{"href":"https:\/\/www.klassen-it.de\/index.php?rest_route=\/wp\/v2\/pages"}],"about":[{"href":"https:\/\/www.klassen-it.de\/index.php?rest_route=\/wp\/v2\/types\/page"}],"author":[{"embeddable":true,"href":"https:\/\/www.klassen-it.de\/index.php?rest_route=\/wp\/v2\/users\/1"}],"replies":[{"embeddable":true,"href":"https:\/\/www.klassen-it.de\/index.php?rest_route=%2Fwp%2Fv2%2Fcomments&post=136"}],"version-history":[{"count":3,"href":"https:\/\/www.klassen-it.de\/index.php?rest_route=\/wp\/v2\/pages\/136\/revisions"}],"predecessor-version":[{"id":143,"href":"https:\/\/www.klassen-it.de\/index.php?rest_route=\/wp\/v2\/pages\/136\/revisions\/143"}],"wp:attachment":[{"href":"https:\/\/www.klassen-it.de\/index.php?rest_route=%2Fwp%2Fv2%2Fmedia&parent=136"}],"curies":[{"name":"wp","href":"https:\/\/api.w.org\/{rel}","templated":true}]}}