{"id":149,"date":"2020-03-16T11:36:38","date_gmt":"2020-03-16T11:36:38","guid":{"rendered":"https:\/\/www.klassen-it.de\/?page_id=149"},"modified":"2025-10-30T10:17:28","modified_gmt":"2025-10-30T10:17:28","slug":"fernwartung","status":"publish","type":"page","link":"https:\/\/www.klassen-it.de\/?page_id=149","title":{"rendered":"Fernwartung"},"content":{"rendered":"<p>[et_pb_section fb_built=&#8220;1&#8243; fullwidth=&#8220;on&#8220; admin_label=&#8220;Hero&#8220; _builder_version=&#8220;4.16&#8243; background_image=&#8220;https:\/\/www.klassen-it.de\/wp-content\/uploads\/2018\/12\/it-services-09.jpg&#8220; parallax=&#8220;on&#8220; custom_padding=&#8220;0px|0|0px|0px|false|false&#8220; global_colors_info=&#8220;{}&#8220;][et_pb_fullwidth_header title=&#8220;Fernwartung&#8220; text_orientation=&#8220;center&#8220; _builder_version=&#8220;4.18.0&#8243; title_font=&#8220;||||||||&#8220; title_text_align=&#8220;center&#8220; title_font_size=&#8220;80px&#8220; title_letter_spacing=&#8220;1px&#8220; title_line_height=&#8220;1.2em&#8220; content_font=&#8220;||||||||&#8220; content_text_align=&#8220;center&#8220; content_font_size=&#8220;18px&#8220; content_line_height=&#8220;1.8em&#8220; background_color=&#8220;rgba(0,0,0,0)&#8220; use_background_color_gradient=&#8220;on&#8220; background_color_gradient_direction=&#8220;140deg&#8220; background_color_gradient_stops=&#8220;rgba(0,72,114,0.9) 0%|rgba(41,17,96,0.8) 100%&#8220; background_color_gradient_start=&#8220;rgba(0,72,114,0.9)&#8220; background_color_gradient_end=&#8220;rgba(41,17,96,0.8)&#8220; parallax=&#8220;on&#8220; parallax_method=&#8220;on&#8220; custom_button_one=&#8220;on&#8220; button_one_text_size=&#8220;15px&#8220; button_one_bg_color=&#8220;#ffa727&#8243; button_one_border_width=&#8220;15px&#8220; button_one_border_color=&#8220;#ffa727&#8243; button_one_border_radius=&#8220;100px&#8220; button_one_letter_spacing=&#8220;5px&#8220; button_one_font=&#8220;Open Sans|700||on|||||&#8220; custom_margin=&#8220;|||&#8220; custom_padding=&#8220;10vw||10vw||true&#8220; custom_padding_tablet=&#8220;100px||100px||true&#8220; custom_padding_phone=&#8220;|||&#8220; custom_padding_last_edited=&#8220;on|desktop&#8220; title_font_size_tablet=&#8220;60px&#8220; title_font_size_phone=&#8220;36px&#8220; title_font_size_last_edited=&#8220;on|phone&#8220; content_font_size_tablet=&#8220;&#8220; content_font_size_phone=&#8220;16px&#8220; content_font_size_last_edited=&#8220;on|phone&#8220; button_one_text_size_tablet=&#8220;&#8220; button_one_text_size_phone=&#8220;&#8220; button_one_text_size_last_edited=&#8220;on|desktop&#8220; button_one_border_color_hover=&#8220;#ff8a3d&#8220; button_one_border_radius_hover=&#8220;100px&#8220; button_one_letter_spacing_hover=&#8220;5px&#8220; button_one_bg_color_hover=&#8220;#ff8a3d&#8220; global_colors_info=&#8220;{}&#8220; button_one_text_size__hover_enabled=&#8220;off&#8220; button_two_text_size__hover_enabled=&#8220;off&#8220; button_one_text_color__hover_enabled=&#8220;off&#8220; button_two_text_color__hover_enabled=&#8220;off&#8220; button_one_border_width__hover_enabled=&#8220;off&#8220; button_two_border_width__hover_enabled=&#8220;off&#8220; button_one_border_color__hover_enabled=&#8220;on&#8220; button_one_border_color__hover=&#8220;#ff8a3d&#8220; button_two_border_color__hover_enabled=&#8220;off&#8220; button_one_border_radius__hover_enabled=&#8220;on&#8220; button_one_border_radius__hover=&#8220;100px&#8220; button_two_border_radius__hover_enabled=&#8220;off&#8220; button_one_letter_spacing__hover_enabled=&#8220;on&#8220; button_one_letter_spacing__hover=&#8220;5px&#8220; button_two_letter_spacing__hover_enabled=&#8220;off&#8220; button_one_bg_color__hover_enabled=&#8220;on&#8220; button_one_bg_color__hover=&#8220;#ff8a3d&#8220; button_two_bg_color__hover_enabled=&#8220;off&#8220;]<\/p>\n<p style=\"text-align: center;\">Sie haben ein Problem, bei dem Sie unsere IT-Hilfe ben\u00f6tigen? Wir unterst\u00fctzen<br \/>Sie direkt und unkompliziert per Fernwartung. So erm\u00f6glichen wir eine schnelle<br \/>und kompetenten Computersupport, damit Sie keine Zeit verlieren.<\/p>\n<p style=\"text-align: center;\">Wir nutzen f\u00fcr das Tool\u00a0TeamViewer.<\/p>\n<p>[\/et_pb_fullwidth_header][\/et_pb_section][et_pb_section fb_built=&#8220;1&#8243; admin_label=&#8220;Videos&#8220; _builder_version=&#8220;4.16&#8243; custom_padding=&#8220;52px|0px|54px|0px|false|false&#8220; global_colors_info=&#8220;{}&#8220;][et_pb_row _builder_version=&#8220;4.16&#8243; global_colors_info=&#8220;{}&#8220;][et_pb_column type=&#8220;4_4&#8243; _builder_version=&#8220;4.16&#8243; global_colors_info=&#8220;{}&#8220;][et_pb_button button_url=&#8220;https:\/\/custom.teamviewer.com\/6idx9si&#8220; url_new_window=&#8220;on&#8220; button_text=&#8220;Fernwartung herunterladen&#8220; button_alignment=&#8220;center&#8220; _builder_version=&#8220;4.22.2&#8243; custom_button=&#8220;on&#8220; button_text_size=&#8220;28px&#8220; button_text_color=&#8220;#ffffff&#8220; button_bg_color=&#8220;#0c71c3&#8243; button_border_width=&#8220;2px&#8220; button_border_radius=&#8220;0px&#8220; button_letter_spacing=&#8220;0px&#8220; button_font=&#8220;||||||||&#8220; button_icon=&#8220;&#x3d;||divi||400&#8243; button_icon_color=&#8220;#ffffff&#8220; background_layout=&#8220;dark&#8220; hover_enabled=&#8220;0&#8243; global_colors_info=&#8220;{}&#8220; sticky_enabled=&#8220;0&#8243;][\/et_pb_button][\/et_pb_column][\/et_pb_row][\/et_pb_section]<\/p>\n","protected":false},"excerpt":{"rendered":"<p>Sie haben ein Problem, bei dem Sie unsere IT-Hilfe ben\u00f6tigen? Wir unterst\u00fctzenSie direkt und unkompliziert per Fernwartung. So erm\u00f6glichen wir eine schnelleund kompetenten Computersupport, damit Sie keine Zeit verlieren. Wir nutzen f\u00fcr das Tool\u00a0TeamViewer.<\/p>\n","protected":false},"author":1,"featured_media":0,"parent":0,"menu_order":0,"comment_status":"closed","ping_status":"closed","template":"","meta":{"_et_pb_use_builder":"on","_et_pb_old_content":"","_et_gb_content_width":"","footnotes":""},"class_list":["post-149","page","type-page","status-publish","hentry"],"_links":{"self":[{"href":"https:\/\/www.klassen-it.de\/index.php?rest_route=\/wp\/v2\/pages\/149","targetHints":{"allow":["GET"]}}],"collection":[{"href":"https:\/\/www.klassen-it.de\/index.php?rest_route=\/wp\/v2\/pages"}],"about":[{"href":"https:\/\/www.klassen-it.de\/index.php?rest_route=\/wp\/v2\/types\/page"}],"author":[{"embeddable":true,"href":"https:\/\/www.klassen-it.de\/index.php?rest_route=\/wp\/v2\/users\/1"}],"replies":[{"embeddable":true,"href":"https:\/\/www.klassen-it.de\/index.php?rest_route=%2Fwp%2Fv2%2Fcomments&post=149"}],"version-history":[{"count":15,"href":"https:\/\/www.klassen-it.de\/index.php?rest_route=\/wp\/v2\/pages\/149\/revisions"}],"predecessor-version":[{"id":206,"href":"https:\/\/www.klassen-it.de\/index.php?rest_route=\/wp\/v2\/pages\/149\/revisions\/206"}],"wp:attachment":[{"href":"https:\/\/www.klassen-it.de\/index.php?rest_route=%2Fwp%2Fv2%2Fmedia&parent=149"}],"curies":[{"name":"wp","href":"https:\/\/api.w.org\/{rel}","templated":true}]}}