{"id":2,"date":"2016-05-10T03:48:21","date_gmt":"2016-05-10T03:48:21","guid":{"rendered":"https:\/\/www.klassen-it.de\/?page_id=2"},"modified":"2022-08-31T16:32:41","modified_gmt":"2022-08-31T16:32:41","slug":"home","status":"publish","type":"page","link":"https:\/\/www.klassen-it.de\/","title":{"rendered":"home"},"content":{"rendered":"<p>[et_pb_section fb_built=&#8220;1&#8243; fullwidth=&#8220;on&#8220; admin_label=&#8220;Hero&#8220; _builder_version=&#8220;4.4.1&#8243; background_image=&#8220;https:\/\/www.klassen-it.de\/wp-content\/uploads\/2018\/12\/it-services-02.jpg&#8220; parallax=&#8220;on&#8220; custom_padding=&#8220;0px|0|0px|0px|false|false&#8220; link_option_url=&#8220;Fernwartung starten&#8220;][et_pb_fullwidth_header title=&#8220;Herzlich Willkommen bei Klassen IT-Dienstleistungen&#8220; text_orientation=&#8220;center&#8220; header_scroll_down=&#8220;on&#8220; scroll_down_icon=&#8220;%%1%%&#8220; admin_label=&#8220;Fullwidth Header&#8220; _builder_version=&#8220;4.4.1&#8243; title_font=&#8220;Share Tech||||||||&#8220; title_text_align=&#8220;center&#8220; title_font_size=&#8220;80px&#8220; title_line_height=&#8220;1.2em&#8220; content_font=&#8220;Open Sans||||||||&#8220; content_text_align=&#8220;center&#8220; content_font_size=&#8220;18px&#8220; content_line_height=&#8220;1.8em&#8220; background_color=&#8220;rgba(0,0,0,0)&#8220; use_background_color_gradient=&#8220;on&#8220; background_color_gradient_start=&#8220;rgba(0,72,114,0.9)&#8220; background_color_gradient_end=&#8220;rgba(41,17,96,0.8)&#8220; background_color_gradient_direction=&#8220;140deg&#8220; background_color_gradient_overlays_image=&#8220;on&#8220; parallax=&#8220;on&#8220; parallax_method=&#8220;on&#8220; custom_button_one=&#8220;on&#8220; button_one_text_size=&#8220;15px&#8220; button_one_text_color=&#8220;#ffffff&#8220; button_one_bg_color=&#8220;#ffa727&#8243; button_one_border_width=&#8220;15px&#8220; button_one_border_color=&#8220;#ffa727&#8243; button_one_border_radius=&#8220;0px&#8220; button_one_letter_spacing=&#8220;6px&#8220; button_one_font=&#8220;Open Sans|700||on|||||&#8220; custom_button_two=&#8220;on&#8220; button_two_text_size=&#8220;21px&#8220; button_two_text_color=&#8220;#000000&#8243; button_two_bg_color=&#8220;#ffffff&#8220; button_two_border_width=&#8220;3px&#8220; button_two_letter_spacing=&#8220;0px&#8220; button_two_icon_placement=&#8220;left&#8220; button_two_on_hover=&#8220;off&#8220; custom_margin=&#8220;|||&#8220; custom_padding=&#8220;8vw||8vw||true|&#8220; custom_padding_tablet=&#8220;100px||100px||true&#8220; custom_padding_phone=&#8220;|||&#8220; custom_padding_last_edited=&#8220;on|desktop&#8220; title_font_size_tablet=&#8220;60px&#8220; title_font_size_phone=&#8220;36px&#8220; title_font_size_last_edited=&#8220;on|phone&#8220; content_font_size_tablet=&#8220;&#8220; content_font_size_phone=&#8220;16px&#8220; content_font_size_last_edited=&#8220;on|phone&#8220; button_one_text_size_tablet=&#8220;&#8220; button_one_text_size_phone=&#8220;&#8220; button_one_text_size_last_edited=&#8220;on|tablet&#8220; button_one_border_color_hover=&#8220;#ff8a3d&#8220; button_one_border_radius_hover=&#8220;100px&#8220; button_one_letter_spacing_hover=&#8220;5px&#8220; button_one_bg_color_hover=&#8220;#ff8a3d&#8220; button_one_text_size__hover_enabled=&#8220;off&#8220; button_two_text_size__hover_enabled=&#8220;off&#8220; button_one_text_color__hover_enabled=&#8220;off&#8220; button_two_text_color__hover_enabled=&#8220;off&#8220; button_one_border_width__hover_enabled=&#8220;off&#8220; button_two_border_width__hover_enabled=&#8220;off&#8220; button_one_border_color__hover_enabled=&#8220;on&#8220; button_one_border_color__hover=&#8220;#ff8a3d&#8220; button_two_border_color__hover_enabled=&#8220;off&#8220; button_one_border_radius__hover_enabled=&#8220;on&#8220; button_one_border_radius__hover=&#8220;100px&#8220; button_two_border_radius__hover_enabled=&#8220;off&#8220; button_one_letter_spacing__hover_enabled=&#8220;on&#8220; button_one_letter_spacing__hover=&#8220;5px&#8220; button_two_letter_spacing__hover_enabled=&#8220;off&#8220; button_one_bg_color__hover_enabled=&#8220;on&#8220; button_one_bg_color__hover=&#8220;#ff8a3d&#8220; button_two_bg_color__hover_enabled=&#8220;off&#8220;]<\/p>\n<p>Hochwertige IT-L\u00f6sungen auf dem neuesten Stand sind unsere Leidenschaft.<\/p>\n<p>Seit der Gr\u00fcndung im Jahr 2007 sind wir stetig mit der Zeit gegangen und<br \/> entwickeln Produkte und Dienstleistungen im Sinne unserer Kunden weiter.<br \/> Wie k\u00f6nnen wir Ihnen weiterhelfen?<\/p>\n<p>&nbsp;<\/p>\n<p>[\/et_pb_fullwidth_header][\/et_pb_section][et_pb_section fb_built=&#8220;1&#8243; admin_label=&#8220;Our Services&#8220; _builder_version=&#8220;4.4.1&#8243; custom_padding=&#8220;|||&#8220; border_color_all=&#8220;rgba(0,0,0,0)&#8220;][et_pb_row _builder_version=&#8220;3.25&#8243; custom_margin=&#8220;|||&#8220; custom_padding=&#8220;|||&#8220;][et_pb_column type=&#8220;4_4&#8243; _builder_version=&#8220;3.25&#8243; custom_padding=&#8220;|||&#8220; custom_padding__hover=&#8220;|||&#8220;][et_pb_text _builder_version=&#8220;4.4.1&#8243; text_font=&#8220;Share Tech||||||||&#8220; text_text_color=&#8220;rgba(0,0,0,0.02)&#8220; text_font_size=&#8220;100px&#8220; text_line_height=&#8220;0.2em&#8220; header_font=&#8220;||||||||&#8220; header_2_font=&#8220;Share Tech||||||||&#8220; header_2_font_size=&#8220;48px&#8220; header_2_line_height=&#8220;1.4em&#8220; text_orientation=&#8220;center&#8220; custom_margin=&#8220;||30px||false&#8220; custom_margin_tablet=&#8220;||0px|&#8220; custom_margin_phone=&#8220;&#8220; custom_margin_last_edited=&#8220;on|tablet&#8220; text_font_size_tablet=&#8220;80px&#8220; text_font_size_phone=&#8220;60px&#8220; text_font_size_last_edited=&#8220;on|desktop&#8220; header_2_font_size_tablet=&#8220;&#8220; header_2_font_size_phone=&#8220;36px&#8220; header_2_font_size_last_edited=&#8220;on|phone&#8220;]<\/p>\n<p>PARTNER<\/p>\n<h2>Unsere Partner<\/h2>\n<p>[\/et_pb_text][\/et_pb_column][\/et_pb_row][et_pb_row _builder_version=&#8220;4.4.1&#8243; background_color=&#8220;rgba(0,0,0,0)&#8220; custom_margin=&#8220;-41px|auto||auto||&#8220; custom_padding=&#8220;|||&#8220;][et_pb_column type=&#8220;4_4&#8243; _builder_version=&#8220;4.4.1&#8243; background_enable_color=&#8220;off&#8220; custom_padding=&#8220;|||&#8220; background_last_edited=&#8220;on|desktop&#8220; border_color_all=&#8220;rgba(0,0,0,0)&#8220; border_style_all=&#8220;none&#8220; custom_padding__hover=&#8220;|||&#8220;][et_pb_blurb url=&#8220;https:\/\/www.altaro.com\/de\/&#8220; url_new_window=&#8220;on&#8220; image=&#8220;https:\/\/www.klassen-it.de\/wp-content\/uploads\/2022\/08\/altaro.png&#8220; _builder_version=&#8220;4.4.1&#8243; header_font=&#8220;Share Tech||||||||&#8220; header_font_size=&#8220;24px&#8220; header_line_height=&#8220;1.2em&#8220; body_font=&#8220;Open Sans||||||||&#8220; body_font_size=&#8220;16px&#8220; body_line_height=&#8220;1.8em&#8220; background_enable_color=&#8220;off&#8220; custom_padding=&#8220;40px|30px|40px|30px|true|true&#8220; animation_style=&#8220;fold&#8220; animation_delay=&#8220;450ms&#8220; animation=&#8220;off&#8220; hover_enabled=&#8220;0&#8243; border_width_all=&#8220;1px&#8220; border_color_all=&#8220;rgba(21,49,78,0.17)&#8220; locked=&#8220;off&#8220;][\/et_pb_blurb][\/et_pb_column][\/et_pb_row][\/et_pb_section][et_pb_section fb_built=&#8220;1&#8243; admin_label=&#8220;Our Services&#8220; _builder_version=&#8220;3.22&#8243; custom_padding=&#8220;|||&#8220;][et_pb_row _builder_version=&#8220;3.25&#8243; custom_margin=&#8220;|||&#8220; custom_padding=&#8220;|||&#8220;][et_pb_column type=&#8220;4_4&#8243; _builder_version=&#8220;3.25&#8243; custom_padding=&#8220;|||&#8220; custom_padding__hover=&#8220;|||&#8220;][et_pb_text _builder_version=&#8220;4.4.1&#8243; text_font=&#8220;Share Tech||||||||&#8220; text_text_color=&#8220;rgba(0,0,0,0.02)&#8220; text_font_size=&#8220;100px&#8220; text_line_height=&#8220;0.2em&#8220; header_font=&#8220;||||||||&#8220; header_2_font=&#8220;Share Tech||||||||&#8220; header_2_font_size=&#8220;48px&#8220; header_2_line_height=&#8220;1.4em&#8220; text_orientation=&#8220;center&#8220; custom_margin=&#8220;||30px||false&#8220; custom_margin_tablet=&#8220;||0px|&#8220; custom_margin_phone=&#8220;&#8220; custom_margin_last_edited=&#8220;on|tablet&#8220; text_font_size_tablet=&#8220;80px&#8220; text_font_size_phone=&#8220;60px&#8220; text_font_size_last_edited=&#8220;on|desktop&#8220; header_2_font_size_tablet=&#8220;&#8220; header_2_font_size_phone=&#8220;36px&#8220; header_2_font_size_last_edited=&#8220;on|phone&#8220;]<\/p>\n<p>SERVICES<\/p>\n<h2>Unsere Leistungen<\/h2>\n<p>[\/et_pb_text][\/et_pb_column][\/et_pb_row][et_pb_row column_structure=&#8220;1_3,1_3,1_3&#8243; _builder_version=&#8220;3.25&#8243; custom_margin=&#8220;|||&#8220; custom_padding=&#8220;|||&#8220;][et_pb_column type=&#8220;1_3&#8243; _builder_version=&#8220;3.25&#8243; custom_padding=&#8220;|||&#8220; custom_padding__hover=&#8220;|||&#8220;][et_pb_blurb title=&#8220;Einrichtung und Administration&#8220; image=&#8220;https:\/\/www.klassen-it.de\/wp-content\/uploads\/2018\/12\/line-icons-53.png&#8220; _builder_version=&#8220;3.19&#8243; header_font=&#8220;Share Tech||||||||&#8220; header_font_size=&#8220;24px&#8220; header_line_height=&#8220;1.2em&#8220; body_font=&#8220;Open Sans||||||||&#8220; body_font_size=&#8220;16px&#8220; body_line_height=&#8220;1.8em&#8220; background_color=&#8220;#ff8a3d&#8220; background_layout=&#8220;dark&#8220; custom_padding=&#8220;40px|30px|40px|30px|true|true&#8220; animation_style=&#8220;fold&#8220; animation=&#8220;off&#8220;]<\/p>\n<p>Die Einrichtung und Administration eines Windows-Netzwerks erfordert Erfahrung und Routine. Wir begleiten Sie beim Aufbau Ihrer L\u00f6sung und beraten Sie gerne langfristig.<\/p>\n<p>[\/et_pb_blurb][\/et_pb_column][et_pb_column type=&#8220;1_3&#8243; _builder_version=&#8220;3.25&#8243; custom_padding=&#8220;|||&#8220; custom_padding__hover=&#8220;|||&#8220;][et_pb_blurb title=&#8220;Firewall und Anti Virus-Systeme&#8220; image=&#8220;https:\/\/www.klassen-it.de\/wp-content\/uploads\/2018\/12\/lifesaver_64px.png&#8220; _builder_version=&#8220;3.19&#8243; header_font=&#8220;Share Tech||||||||&#8220; header_font_size=&#8220;24px&#8220; header_line_height=&#8220;1.2em&#8220; body_font=&#8220;Open Sans||||||||&#8220; body_font_size=&#8220;16px&#8220; body_line_height=&#8220;1.8em&#8220; background_color=&#8220;#f1f1f1&#8243; custom_padding=&#8220;40px|30px|40px|30px|true|true&#8220; animation_style=&#8220;fold&#8220; animation_delay=&#8220;150ms&#8220; animation=&#8220;off&#8220; locked=&#8220;off&#8220;]<\/p>\n<p>Unsere Systeme bieten eine zeitgem\u00e4\u00dfe und effiziente Hilfe bei allen Sicherheitsproblemen im Netzwerk. Als zertifizierter Partner verf\u00fcgen wir \u00fcber langj\u00e4hriges Know-how.<\/p>\n<p>[\/et_pb_blurb][\/et_pb_column][et_pb_column type=&#8220;1_3&#8243; _builder_version=&#8220;3.25&#8243; custom_padding=&#8220;|||&#8220; custom_padding__hover=&#8220;|||&#8220;][et_pb_blurb title=&#8220;Backup-L\u00f6sungen&#8220; image=&#8220;https:\/\/www.klassen-it.de\/wp-content\/uploads\/2018\/12\/layers_64px.png&#8220; _builder_version=&#8220;3.19&#8243; header_font=&#8220;Share Tech||||||||&#8220; header_font_size=&#8220;24px&#8220; header_line_height=&#8220;1.2em&#8220; body_font=&#8220;Open Sans||||||||&#8220; body_font_size=&#8220;16px&#8220; body_line_height=&#8220;1.8em&#8220; background_color=&#8220;#ffffff&#8220; custom_padding=&#8220;40px|30px|40px|30px|true|true&#8220; animation_style=&#8220;fold&#8220; animation_delay=&#8220;200ms&#8220; animation=&#8220;off&#8220; border_width_all=&#8220;1px&#8220; border_color_all=&#8220;rgba(21,49,78,0.17)&#8220; locked=&#8220;off&#8220;]<\/p>\n<p>Backup-Tools k\u00f6nnen bei einem unerwarteten Crash oder Feuer ein Unternehmen retten und erweisen sich dann als wertvoll, wenn es nicht nach Plan l\u00e4uft. Wir stellen Ihnen L\u00f6sungen vor, die einfach zu bedienen sind.<\/p>\n<p>[\/et_pb_blurb][\/et_pb_column][\/et_pb_row][et_pb_row column_structure=&#8220;1_3,1_3,1_3&#8243; _builder_version=&#8220;3.25&#8243; custom_margin=&#8220;|||&#8220; custom_padding=&#8220;|||&#8220;][et_pb_column type=&#8220;1_3&#8243; _builder_version=&#8220;3.25&#8243; custom_padding=&#8220;|||&#8220; custom_padding__hover=&#8220;|||&#8220;][et_pb_blurb title=&#8220;Netzwerk-Architektur&#8220; image=&#8220;https:\/\/www.klassen-it.de\/wp-content\/uploads\/2018\/12\/global_64px.png&#8220; _builder_version=&#8220;4.4.1&#8243; header_font=&#8220;Share Tech||||||||&#8220; header_font_size=&#8220;24px&#8220; header_line_height=&#8220;1.2em&#8220; body_font=&#8220;Open Sans||||||||&#8220; body_font_size=&#8220;16px&#8220; body_line_height=&#8220;1.8em&#8220; background_color=&#8220;#ffffff&#8220; custom_padding=&#8220;40px|30px|40px|30px|true|true&#8220; animation_style=&#8220;fold&#8220; animation_delay=&#8220;450ms&#8220; animation=&#8220;off&#8220; border_width_all=&#8220;1px&#8220; border_color_all=&#8220;rgba(21,49,78,0.17)&#8220; locked=&#8220;off&#8220;]<\/p>\n<p>Eine gut geplante Netzwerk-Architektur sichert den reibungslosen Arbeitsprozess in Ihrem Unternehmen. In einem gemeinsamen Beratungsgespr\u00e4ch ermitteln wir Ihren Bedarf und finden die richtige L\u00f6sung. Auf Wunsch mit dauerhaftem Support.<\/p>\n<p>[\/et_pb_blurb][\/et_pb_column][et_pb_column type=&#8220;1_3&#8243; _builder_version=&#8220;3.25&#8243; custom_padding=&#8220;|||&#8220; custom_padding__hover=&#8220;|||&#8220;][et_pb_blurb title=&#8220;Cloud-Service&#8220; image=&#8220;https:\/\/www.klassen-it.de\/wp-content\/uploads\/2018\/12\/line-icons-76.png&#8220; _builder_version=&#8220;3.19&#8243; header_font=&#8220;Share Tech||||||||&#8220; header_font_size=&#8220;24px&#8220; header_line_height=&#8220;1.2em&#8220; body_font=&#8220;Open Sans||||||||&#8220; body_font_size=&#8220;16px&#8220; body_line_height=&#8220;1.8em&#8220; background_color=&#8220;#15314e&#8220; background_layout=&#8220;dark&#8220; custom_padding=&#8220;40px|30px|40px|30px|true|true&#8220; animation_style=&#8220;fold&#8220; animation_delay=&#8220;100ms&#8220; animation=&#8220;off&#8220; locked=&#8220;off&#8220;]<\/p>\n<p>Fast alle IT-Kapazit\u00e4ten lassen sich mittlerweile in die Cloud auslagern. Das hat nicht nur finanzielle Vorteile sondern erleichtert Ihnen auch den t\u00e4glichen Workflow und reduziert den Personalaufwand. Als zertifizierter Partner helfen wir Ihnen gerne weiter.<\/p>\n<p>[\/et_pb_blurb][\/et_pb_column][et_pb_column type=&#8220;1_3&#8243; _builder_version=&#8220;3.25&#8243; custom_padding=&#8220;|||&#8220; custom_padding__hover=&#8220;|||&#8220;][et_pb_blurb title=&#8220;Biometrische Zugangsysteme&#8220; image=&#8220;https:\/\/www.klassen-it.de\/wp-content\/uploads\/2018\/12\/line-icons-35.png&#8220; _builder_version=&#8220;3.19&#8243; header_font=&#8220;Share Tech||||||||&#8220; header_font_size=&#8220;24px&#8220; header_line_height=&#8220;1.2em&#8220; body_font=&#8220;Open Sans||||||||&#8220; body_font_size=&#8220;16px&#8220; body_line_height=&#8220;1.8em&#8220; background_color=&#8220;#ffa727&#8243; background_layout=&#8220;dark&#8220; custom_padding=&#8220;40px|30px|40px|30px|true|true&#8220; animation_style=&#8220;fold&#8220; animation_delay=&#8220;300ms&#8220; animation=&#8220;off&#8220; locked=&#8220;off&#8220;]<\/p>\n<p>Biometrische Zugangssysteme erlauben einfache und zuverl\u00e4ssige Kontrollen f\u00fcr \u00f6ffentliche Einrichtungen\u00a0 und Unternehmen. Wir informieren Sie gerne \u00fcber die neuesten Entwicklungen und \u00fcbernehmen die Installation.<\/p>\n<p>[\/et_pb_blurb][\/et_pb_column][\/et_pb_row][\/et_pb_section][et_pb_section fb_built=&#8220;1&#8243; fullwidth=&#8220;on&#8220; admin_label=&#8220;Feature&#8220; _builder_version=&#8220;4.4.1&#8243; background_image=&#8220;https:\/\/www.klassen-it.de\/wp-content\/uploads\/2018\/12\/it-services-04.jpg&#8220; parallax=&#8220;on&#8220; custom_margin=&#8220;|5%||&#8220; custom_padding=&#8220;0px|0|0px|0px|false|false&#8220; border_radii=&#8220;||26vw|26vw|&#8220; locked=&#8220;off&#8220;][et_pb_fullwidth_header title=&#8220;360\u00b0 IT-L\u00f6sungen f\u00fcr Ihr Unternehmen.&#8220; button_one_text=&#8220;Kontakt aufnehmen&#8220; header_image_url=&#8220;https:\/\/www.klassen-it.de\/wp-content\/uploads\/2018\/12\/it-services-03.png&#8220; _builder_version=&#8220;4.4.1&#8243; title_level=&#8220;h2&#8243; title_font=&#8220;Share Tech||||||||&#8220; title_font_size=&#8220;48px&#8220; title_line_height=&#8220;1.2em&#8220; content_font=&#8220;Open Sans||||||||&#8220; content_font_size=&#8220;18px&#8220; content_line_height=&#8220;1.8em&#8220; subhead_font=&#8220;||||||||&#8220; background_color=&#8220;rgba(0,0,0,0)&#8220; use_background_color_gradient=&#8220;on&#8220; background_color_gradient_start=&#8220;rgba(0,72,114,0.9)&#8220; background_color_gradient_end=&#8220;#291160&#8243; background_color_gradient_direction=&#8220;140deg&#8220; background_color_gradient_overlays_image=&#8220;on&#8220; parallax=&#8220;on&#8220; parallax_method=&#8220;on&#8220; custom_button_one=&#8220;on&#8220; button_one_text_size=&#8220;15px&#8220; button_one_bg_color=&#8220;#ffa727&#8243; button_one_border_width=&#8220;11px&#8220; button_one_border_color=&#8220;rgba(0,0,0,0)&#8220; button_one_border_radius=&#8220;0px&#8220; button_one_letter_spacing=&#8220;0px&#8220; button_one_font=&#8220;Open Sans|700||on|||||&#8220; button_one_use_icon=&#8220;off&#8220; custom_margin=&#8220;|||&#8220; custom_padding=&#8220;100px||100px||true&#8220; custom_padding_tablet=&#8220;|||&#8220; custom_padding_phone=&#8220;|||&#8220; custom_padding_last_edited=&#8220;off|desktop&#8220; title_font_size_tablet=&#8220;&#8220; title_font_size_phone=&#8220;36px&#8220; title_font_size_last_edited=&#8220;on|desktop&#8220; content_font_size_tablet=&#8220;&#8220; content_font_size_phone=&#8220;16px&#8220; content_font_size_last_edited=&#8220;on|phone&#8220; button_one_text_size_last_edited=&#8220;off|desktop&#8220; button_two_text_size_tablet=&#8220;&#8220; button_two_text_size_phone=&#8220;&#8220; button_two_text_size_last_edited=&#8220;on|desktop&#8220; button_one_border_color_hover=&#8220;#ff8a3d&#8220; button_one_border_radius_hover=&#8220;100px&#8220; button_one_letter_spacing_hover=&#8220;5px&#8220; button_one_bg_color_hover=&#8220;#ff8a3d&#8220; button_one_text_size__hover_enabled=&#8220;off&#8220; button_two_text_size__hover_enabled=&#8220;off&#8220; button_one_text_color__hover_enabled=&#8220;off&#8220; button_two_text_color__hover_enabled=&#8220;off&#8220; button_one_border_width__hover_enabled=&#8220;off&#8220; button_two_border_width__hover_enabled=&#8220;off&#8220; button_one_border_color__hover_enabled=&#8220;on&#8220; button_one_border_color__hover=&#8220;rgba(0,0,0,0)&#8220; button_two_border_color__hover_enabled=&#8220;off&#8220; button_one_border_radius__hover_enabled=&#8220;on|hover&#8220; button_one_border_radius__hover=&#8220;0px&#8220; button_two_border_radius__hover_enabled=&#8220;off&#8220; button_one_letter_spacing__hover_enabled=&#8220;on&#8220; button_one_letter_spacing__hover=&#8220;5px&#8220; button_two_letter_spacing__hover_enabled=&#8220;off&#8220; button_one_bg_color__hover_enabled=&#8220;on&#8220; button_one_bg_color__hover=&#8220;#ff8a3d&#8220; button_two_bg_color__hover_enabled=&#8220;off&#8220;]<\/p>\n<p>Wir beraten Sie umfassend wenn es darum geht, Ihre IT sicher und zukunftsorientiert aufzubauen.<\/p>\n<p>[\/et_pb_fullwidth_header][\/et_pb_section]<\/p>\n","protected":false},"excerpt":{"rendered":"<p>Hochwertige IT-L\u00f6sungen auf dem neuesten Stand sind unsere Leidenschaft. Seit der Gr\u00fcndung im Jahr 2007 sind wir stetig mit der Zeit gegangen und entwickeln Produkte und Dienstleistungen im Sinne unserer Kunden weiter. Wie k\u00f6nnen wir Ihnen weiterhelfen? &nbsp;PARTNER Unsere PartnerSERVICES Unsere LeistungenDie Einrichtung und Administration eines Windows-Netzwerks erfordert Erfahrung und Routine. Wir begleiten Sie beim [&hellip;]<\/p>\n","protected":false},"author":1,"featured_media":6,"parent":0,"menu_order":0,"comment_status":"closed","ping_status":"closed","template":"","meta":{"_et_pb_use_builder":"on","_et_pb_old_content":"This is an example page. It's different from a blog post because it will stay in one place and will show up in your site navigation (in most themes). Most people start with an About page that introduces them to potential site visitors. It might say something like this:\n\n<blockquote>Hi there! I'm a bike messenger by day, aspiring actor by night, and this is my website. I live in Los Angeles, have a great dog named Jack, and I like pi&#241;a coladas. (And gettin' caught in the rain.)<\/blockquote>\n\n...or something like this:\n\n<blockquote>The XYZ Doohickey Company was founded in 1971, and has been providing quality doohickeys to the public ever since. Located in Gotham City, XYZ employs over 2,000 people and does all kinds of awesome things for the Gotham community.<\/blockquote>\n\nAs a new WordPress user, you should go to <a href=\"https:\/\/www.klassen-it.de\/wp-admin\/\">your dashboard<\/a> to delete this page and create new pages for your content. Have fun!","_et_gb_content_width":"","footnotes":""},"class_list":["post-2","page","type-page","status-publish","has-post-thumbnail","hentry"],"_links":{"self":[{"href":"https:\/\/www.klassen-it.de\/index.php?rest_route=\/wp\/v2\/pages\/2","targetHints":{"allow":["GET"]}}],"collection":[{"href":"https:\/\/www.klassen-it.de\/index.php?rest_route=\/wp\/v2\/pages"}],"about":[{"href":"https:\/\/www.klassen-it.de\/index.php?rest_route=\/wp\/v2\/types\/page"}],"author":[{"embeddable":true,"href":"https:\/\/www.klassen-it.de\/index.php?rest_route=\/wp\/v2\/users\/1"}],"replies":[{"embeddable":true,"href":"https:\/\/www.klassen-it.de\/index.php?rest_route=%2Fwp%2Fv2%2Fcomments&post=2"}],"version-history":[{"count":29,"href":"https:\/\/www.klassen-it.de\/index.php?rest_route=\/wp\/v2\/pages\/2\/revisions"}],"predecessor-version":[{"id":192,"href":"https:\/\/www.klassen-it.de\/index.php?rest_route=\/wp\/v2\/pages\/2\/revisions\/192"}],"wp:featuredmedia":[{"embeddable":true,"href":"https:\/\/www.klassen-it.de\/index.php?rest_route=\/wp\/v2\/media\/6"}],"wp:attachment":[{"href":"https:\/\/www.klassen-it.de\/index.php?rest_route=%2Fwp%2Fv2%2Fmedia&parent=2"}],"curies":[{"name":"wp","href":"https:\/\/api.w.org\/{rel}","templated":true}]}}